{"id":8979,"date":"2025-06-19T03:19:17","date_gmt":"2025-06-19T03:19:17","guid":{"rendered":"https:\/\/love4amuslim.com\/?page_id=8979"},"modified":"2025-06-30T13:33:17","modified_gmt":"2025-06-30T13:33:17","slug":"judgement-day","status":"publish","type":"page","link":"https:\/\/love4amuslim.com\/fr\/judgement-day\/","title":{"rendered":"Jugement"},"content":{"rendered":"<div data-elementor-type=\"wp-page\" data-elementor-id=\"8979\" class=\"elementor elementor-8979\">\n\t\t\t\t<div class=\"elementor-element elementor-element-9419d85 e-flex e-con-boxed e-con e-parent\" data-id=\"9419d85\" data-element_type=\"container\" data-e-type=\"container\" data-settings=\"{&quot;background_background&quot;:&quot;classic&quot;}\">\t\t\t<div class=\"e-con-inner\">\r\n\t\t\t\t<div class=\"elementor-element elementor-element-f44fbde elementor-widget elementor-widget-heading\" data-id=\"f44fbde\" data-element_type=\"widget\" data-e-type=\"widget\" data-widget_type=\"heading.default\">\n\t\t\t\t<div class=\"elementor-widget-container\">\n\t\t\t\t\t<div id=\"pxl-heading-f44fbde-2897\" class=\"pxl-heading typewriter-color\">\n\t<div class=\"pxl-heading--inner\">\n\t\t\t\t\t<div class=\"pxl-item--subtitle\" data-wow-delay=\"ms\">\n\t\t\t\t<span>\n\t\t\t\t\t\t\t\t\t\tsoLe rt qui attend tous ceux qui sont sans Christ.\t\t\t\t<\/span>\n\t\t\t\t\t\t\t<\/div>\n\t\t\n\t\t\t\t\t<h3 class=\"pxl-item--title  highlight-default\" data-wow-delay=\"ms\">\n\t\t\t\tLE JUGEMENT : L'INECHAPPABLE COMPTE DE L'HUMANIT\u00c9\t\t\n\t\t\t<\/h3>\n\t\t\n\t\t\t<\/div>\n<\/div>\t\t\t\t<\/div>\n\t\t\t\t<\/div>\n\t\t\t\t\t<\/div>\r\n\t\t\t\t<\/div>\r\n\t\t<div class=\"elementor-element elementor-element-7bc7cc1 e-flex e-con-boxed e-con e-parent\" data-id=\"7bc7cc1\" data-element_type=\"container\" data-e-type=\"container\">\t\t\t<div class=\"e-con-inner\">\r\n\t\t\t\t<div class=\"elementor-element elementor-element-98b2157 elementor-widget elementor-widget-heading\" data-id=\"98b2157\" data-element_type=\"widget\" data-e-type=\"widget\" data-widget_type=\"heading.default\">\n\t\t\t\t<div class=\"elementor-widget-container\">\n\t\t\t\t\t<div id=\"pxl-heading-98b2157-9002\" class=\"pxl-heading typewriter-color\">\n\t<div class=\"pxl-heading--inner\">\n\t\t\n\t\t\t\t\t<h3 class=\"pxl-item--title  highlight-default\" data-wow-delay=\"ms\">\n\t\t\t\tLe verdict universel\t\t\n\t\t\t<\/h3>\n\t\t\n\t\t\t<\/div>\n<\/div>\t\t\t\t<\/div>\n\t\t\t\t<\/div>\n\t\t\t\t\t<\/div>\r\n\t\t\t\t<\/div>\r\n\t\t<div class=\"elementor-element elementor-element-466eb8e e-flex e-con-boxed e-con e-parent\" data-id=\"466eb8e\" data-element_type=\"container\" data-e-type=\"container\">\t\t\t<div class=\"e-con-inner\">\r\n\t\t<div class=\"elementor-element elementor-element-a2ddbd4 e-con-full e-flex e-con e-child\" data-id=\"a2ddbd4\" data-element_type=\"container\" data-e-type=\"container\">\t\t<div class=\"elementor-element elementor-element-f436554 elementor-widget elementor-widget-image\" data-id=\"f436554\" data-element_type=\"widget\" data-e-type=\"widget\" data-widget_type=\"image.default\">\n\t\t\t\t<div class=\"elementor-widget-container\">\n\t\t\t\t\t\t\t\t\t\t\t\t\t\t\t<img fetchpriority=\"high\" decoding=\"async\" width=\"683\" height=\"1024\" src=\"https:\/\/love4amuslim.com\/wp-content\/uploads\/2025\/06\/ChatGPT-Image-Jun-30-2025-07_28_44-AM-683x1024.png\" class=\"attachment-large size-large wp-image-9749\" alt=\"\" srcset=\"https:\/\/love4amuslim.com\/wp-content\/uploads\/2025\/06\/ChatGPT-Image-Jun-30-2025-07_28_44-AM-683x1024.png 683w, https:\/\/love4amuslim.com\/wp-content\/uploads\/2025\/06\/ChatGPT-Image-Jun-30-2025-07_28_44-AM-200x300.png 200w, https:\/\/love4amuslim.com\/wp-content\/uploads\/2025\/06\/ChatGPT-Image-Jun-30-2025-07_28_44-AM-768x1152.png 768w, https:\/\/love4amuslim.com\/wp-content\/uploads\/2025\/06\/ChatGPT-Image-Jun-30-2025-07_28_44-AM-473x710.png 473w, https:\/\/love4amuslim.com\/wp-content\/uploads\/2025\/06\/ChatGPT-Image-Jun-30-2025-07_28_44-AM.png 1024w\" sizes=\"(max-width: 683px) 100vw, 683px\" \/>\t\t\t\t\t\t\t\t\t\t\t\t\t\t\t<\/div>\n\t\t\t\t<\/div>\n\t\t\t\t<div class=\"elementor-element elementor-element-9e84ac3 elementor-widget elementor-widget-heading\" data-id=\"9e84ac3\" data-element_type=\"widget\" data-e-type=\"widget\" data-widget_type=\"heading.default\">\n\t\t\t\t<div class=\"elementor-widget-container\">\n\t\t\t\t\t<div id=\"pxl-heading-9e84ac3-7804\" class=\"pxl-heading typewriter-color\">\n\t<div class=\"pxl-heading--inner\">\n\t\t\n\t\t\t\t\t<h3 class=\"pxl-item--title  highlight-default\" data-wow-delay=\"ms\">\n\t\t\t\tNomm\u00e9 pour tous\n\t\t\n\t\t\t<\/h3>\n\t\t\n\t\t\t<\/div>\n<\/div>\t\t\t\t<\/div>\n\t\t\t\t<\/div>\n\t\t\t\t<div class=\"elementor-element elementor-element-14539ef elementor-widget elementor-widget-text-editor\" data-id=\"14539ef\" data-element_type=\"widget\" data-e-type=\"widget\" data-widget_type=\"text-editor.default\">\n\t\t\t\t<div class=\"elementor-widget-container\">\n\t\t\t\t\t\t\t\t\t<p><i><span style=\"font-weight: 400;\">Le sort de l\u2019homme est de mourir une seule fois, apr\u00e8s quoi il sera jug\u00e9<\/span><\/i><i><span style=\"font-weight: 400;\"><br \/><\/span><\/i><span style=\"font-weight: 400;\"> H\u00e9breux 9:27<\/span><\/p><p><span style=\"font-weight: 400;\">Les Saintes \u00c9critures nous disent clairement que chaque personne est destin\u00e9e \u00e0 mourir une fois. Apr\u00e8s la mort vient le jugement.<\/span><\/p><p><b>Pourquoi serez-vous jug\u00e9 ?<\/b><\/p><p><span style=\"font-weight: 400;\">Vous serez jug\u00e9 pour d\u00e9terminer si,depuis votre naissance jusqu'au jour de votre mort,vous avez fait quelque chose de mal.<\/span><\/p><ul><li style=\"font-weight: 400;\" aria-level=\"1\"><span style=\"font-weight: 400;\">Si toute votre vie est examin\u00e9e et <\/span><b>que rien de mauvais n\u2019est trouv\u00e9 ,<\/b><span style=\"font-weight: 400;\">alors vous entrerez au paradis.<\/span><span style=\"font-weight: 400;\"><br \/><br \/><\/span><\/li><li style=\"font-weight: 400;\" aria-level=\"1\"><span style=\"font-weight: 400;\">Mais s\u2019il s\u2019av\u00e8re que vous <\/span><b>avez fait ne serait-ce qu\u2019une seule mauvaise chose ,<\/b><span style=\"font-weight: 400;\">vous en serez tenu responsable.<\/span><span style=\"font-weight: 400;\"><br \/><br \/><\/span><\/li><\/ul><p><span style=\"font-weight: 400;\">Un seul p\u00e9ch\u00e9 suffit \u00e0 attirer le jugement. Et le ch\u00e2timent est s\u00e9v\u00e8re<\/span><b>: \u00eatre jet\u00e9 dans un feu qui br\u00fble sans fin<\/b><span style=\"font-weight: 400;\">Telle est la r\u00e9alit\u00e9 de ce qui se passera au Jour du Jugement.<\/span><\/p>\t\t\t\t\t\t\t\t<\/div>\n\t\t\t\t<\/div>\n\t\t\t\t<div class=\"elementor-element elementor-element-525bc7b elementor-widget elementor-widget-read-more\" data-id=\"525bc7b\" data-element_type=\"widget\" data-e-type=\"widget\" data-widget_type=\"read-more.default\">\n\t\t\t\t<div class=\"elementor-widget-container\">\n\t\t\t\t\t<\/div><\/div><\/div><\/div><\/div><\/div> <a href=\"https:\/\/love4amuslim.com\/fr\/judgement-day\/#more-8979\" class=\"more-link elementor-more-link\"><span aria-label=\"Poursuivre la lecture Judgement Day\">Continue reading<\/span><\/a>","protected":false},"excerpt":{"rendered":"<p>The fate awaiting all without Christ. THE JUDGMENT: HUMANITY\u2019S INESCAPABLE RECKONING The Universal Verdict Appointed for all \u201cMan is destined to die once, and after that to face judgment.\u201d \u2014 Hebrews 9:27 The Holy Scriptures clearly tell us that every person is appointed to die once. After death, comes judgment. Why Will You Be Judged? [&hellip;]<\/p>\n","protected":false},"author":2,"featured_media":0,"parent":0,"menu_order":0,"comment_status":"closed","ping_status":"closed","template":"","meta":{"_eb_attr":"","footnotes":""},"class_list":["post-8979","page","type-page","status-publish","hentry"],"yoast_head":"<!-- This site is optimized with the Yoast SEO plugin v27.5 - https:\/\/yoast.com\/product\/yoast-seo-wordpress\/ -->\n<title>Judgement Day - Love4amuslim<\/title>\n<meta name=\"robots\" content=\"index, follow, max-snippet:-1, max-image-preview:large, max-video-preview:-1\" \/>\n<link rel=\"canonical\" href=\"https:\/\/love4amuslim.com\/fr\/judgement-day\/\" \/>\n<meta property=\"og:locale\" content=\"fr_FR\" \/>\n<meta property=\"og:type\" content=\"article\" \/>\n<meta property=\"og:title\" content=\"Judgement Day - Love4amuslim\" \/>\n<meta property=\"og:description\" content=\"The fate awaiting all without Christ. THE JUDGMENT: HUMANITY\u2019S INESCAPABLE RECKONING The Universal Verdict Appointed for all \u201cMan is destined to die once, and after that to face judgment.\u201d \u2014 Hebrews 9:27 The Holy Scriptures clearly tell us that every person is appointed to die once. After death, comes judgment. Why Will You Be Judged? [&hellip;]\" \/>\n<meta property=\"og:url\" content=\"https:\/\/love4amuslim.com\/fr\/judgement-day\/\" \/>\n<meta property=\"og:site_name\" content=\"Love4amuslim\" \/>\n<meta property=\"article:publisher\" content=\"https:\/\/www.facebook.com\/LOVEFORAMUSLIM\/\" \/>\n<meta property=\"article:modified_time\" content=\"2025-06-30T13:33:17+00:00\" \/>\n<meta property=\"og:image\" content=\"https:\/\/love4amuslim.com\/wp-content\/uploads\/2025\/06\/ChatGPT-Image-Jun-30-2025-07_28_44-AM-683x1024.png\" \/>\n\t<meta property=\"og:image:width\" content=\"683\" \/>\n\t<meta property=\"og:image:height\" content=\"1024\" \/>\n\t<meta property=\"og:image:type\" content=\"image\/png\" \/>\n<meta name=\"twitter:card\" content=\"summary_large_image\" \/>\n<meta name=\"twitter:label1\" content=\"Dur\u00e9e de lecture estim\u00e9e\" \/>\n\t<meta name=\"twitter:data1\" content=\"4 minutes\" \/>\n<script type=\"application\/ld+json\" class=\"yoast-schema-graph\">{\"@context\":\"https:\\\/\\\/schema.org\",\"@graph\":[{\"@type\":\"WebPage\",\"@id\":\"https:\\\/\\\/love4amuslim.com\\\/judgement-day\\\/\",\"url\":\"https:\\\/\\\/love4amuslim.com\\\/judgement-day\\\/\",\"name\":\"Judgement Day - Love4amuslim\",\"isPartOf\":{\"@id\":\"https:\\\/\\\/love4amuslim.com\\\/#website\"},\"primaryImageOfPage\":{\"@id\":\"https:\\\/\\\/love4amuslim.com\\\/judgement-day\\\/#primaryimage\"},\"image\":{\"@id\":\"https:\\\/\\\/love4amuslim.com\\\/judgement-day\\\/#primaryimage\"},\"thumbnailUrl\":\"https:\\\/\\\/love4amuslim.com\\\/wp-content\\\/uploads\\\/2025\\\/06\\\/ChatGPT-Image-Jun-30-2025-07_28_44-AM-683x1024.png\",\"datePublished\":\"2025-06-19T03:19:17+00:00\",\"dateModified\":\"2025-06-30T13:33:17+00:00\",\"breadcrumb\":{\"@id\":\"https:\\\/\\\/love4amuslim.com\\\/judgement-day\\\/#breadcrumb\"},\"inLanguage\":\"fr-FR\",\"potentialAction\":[{\"@type\":\"ReadAction\",\"target\":[\"https:\\\/\\\/love4amuslim.com\\\/judgement-day\\\/\"]}]},{\"@type\":\"ImageObject\",\"inLanguage\":\"fr-FR\",\"@id\":\"https:\\\/\\\/love4amuslim.com\\\/judgement-day\\\/#primaryimage\",\"url\":\"https:\\\/\\\/love4amuslim.com\\\/wp-content\\\/uploads\\\/2025\\\/06\\\/ChatGPT-Image-Jun-30-2025-07_28_44-AM-683x1024.png\",\"contentUrl\":\"https:\\\/\\\/love4amuslim.com\\\/wp-content\\\/uploads\\\/2025\\\/06\\\/ChatGPT-Image-Jun-30-2025-07_28_44-AM-683x1024.png\"},{\"@type\":\"BreadcrumbList\",\"@id\":\"https:\\\/\\\/love4amuslim.com\\\/judgement-day\\\/#breadcrumb\",\"itemListElement\":[{\"@type\":\"ListItem\",\"position\":1,\"name\":\"Home\",\"item\":\"https:\\\/\\\/love4amuslim.com\\\/\"},{\"@type\":\"ListItem\",\"position\":2,\"name\":\"Judgement Day\"}]},{\"@type\":\"WebSite\",\"@id\":\"https:\\\/\\\/love4amuslim.com\\\/#website\",\"url\":\"https:\\\/\\\/love4amuslim.com\\\/\",\"name\":\"Love4amuslim\",\"description\":\"God\u2019s Wonders In Your Mother Tongue\",\"publisher\":{\"@id\":\"https:\\\/\\\/love4amuslim.com\\\/#organization\"},\"potentialAction\":[{\"@type\":\"SearchAction\",\"target\":{\"@type\":\"EntryPoint\",\"urlTemplate\":\"https:\\\/\\\/love4amuslim.com\\\/?s={search_term_string}\"},\"query-input\":{\"@type\":\"PropertyValueSpecification\",\"valueRequired\":true,\"valueName\":\"search_term_string\"}}],\"inLanguage\":\"fr-FR\"},{\"@type\":\"Organization\",\"@id\":\"https:\\\/\\\/love4amuslim.com\\\/#organization\",\"name\":\"Love4amuslim\",\"url\":\"https:\\\/\\\/love4amuslim.com\\\/\",\"logo\":{\"@type\":\"ImageObject\",\"inLanguage\":\"fr-FR\",\"@id\":\"https:\\\/\\\/love4amuslim.com\\\/#\\\/schema\\\/logo\\\/image\\\/\",\"url\":\"https:\\\/\\\/love4amuslim.com\\\/wp-content\\\/uploads\\\/2022\\\/04\\\/Love-4-20.svg\",\"contentUrl\":\"https:\\\/\\\/love4amuslim.com\\\/wp-content\\\/uploads\\\/2022\\\/04\\\/Love-4-20.svg\",\"width\":500,\"height\":500,\"caption\":\"Love4amuslim\"},\"image\":{\"@id\":\"https:\\\/\\\/love4amuslim.com\\\/#\\\/schema\\\/logo\\\/image\\\/\"},\"sameAs\":[\"https:\\\/\\\/www.facebook.com\\\/LOVEFORAMUSLIM\\\/\",\"https:\\\/\\\/www.instagram.com\\\/love4amuslim\\\/\"]}]}<\/script>\n<!-- \/ Yoast SEO plugin. -->","yoast_head_json":{"title":"Judgement Day - Love4amuslim","robots":{"index":"index","follow":"follow","max-snippet":"max-snippet:-1","max-image-preview":"max-image-preview:large","max-video-preview":"max-video-preview:-1"},"canonical":"https:\/\/love4amuslim.com\/fr\/judgement-day\/","og_locale":"fr_FR","og_type":"article","og_title":"Judgement Day - Love4amuslim","og_description":"The fate awaiting all without Christ. THE JUDGMENT: HUMANITY\u2019S INESCAPABLE RECKONING The Universal Verdict Appointed for all \u201cMan is destined to die once, and after that to face judgment.\u201d \u2014 Hebrews 9:27 The Holy Scriptures clearly tell us that every person is appointed to die once. After death, comes judgment. Why Will You Be Judged? [&hellip;]","og_url":"https:\/\/love4amuslim.com\/fr\/judgement-day\/","og_site_name":"Love4amuslim","article_publisher":"https:\/\/www.facebook.com\/LOVEFORAMUSLIM\/","article_modified_time":"2025-06-30T13:33:17+00:00","og_image":[{"width":683,"height":1024,"url":"https:\/\/love4amuslim.com\/wp-content\/uploads\/2025\/06\/ChatGPT-Image-Jun-30-2025-07_28_44-AM-683x1024.png","type":"image\/png"}],"twitter_card":"summary_large_image","twitter_misc":{"Dur\u00e9e de lecture estim\u00e9e":"4 minutes"},"schema":{"@context":"https:\/\/schema.org","@graph":[{"@type":"WebPage","@id":"https:\/\/love4amuslim.com\/judgement-day\/","url":"https:\/\/love4amuslim.com\/judgement-day\/","name":"Judgement Day - Love4amuslim","isPartOf":{"@id":"https:\/\/love4amuslim.com\/#website"},"primaryImageOfPage":{"@id":"https:\/\/love4amuslim.com\/judgement-day\/#primaryimage"},"image":{"@id":"https:\/\/love4amuslim.com\/judgement-day\/#primaryimage"},"thumbnailUrl":"https:\/\/love4amuslim.com\/wp-content\/uploads\/2025\/06\/ChatGPT-Image-Jun-30-2025-07_28_44-AM-683x1024.png","datePublished":"2025-06-19T03:19:17+00:00","dateModified":"2025-06-30T13:33:17+00:00","breadcrumb":{"@id":"https:\/\/love4amuslim.com\/judgement-day\/#breadcrumb"},"inLanguage":"fr-FR","potentialAction":[{"@type":"ReadAction","target":["https:\/\/love4amuslim.com\/judgement-day\/"]}]},{"@type":"ImageObject","inLanguage":"fr-FR","@id":"https:\/\/love4amuslim.com\/judgement-day\/#primaryimage","url":"https:\/\/love4amuslim.com\/wp-content\/uploads\/2025\/06\/ChatGPT-Image-Jun-30-2025-07_28_44-AM-683x1024.png","contentUrl":"https:\/\/love4amuslim.com\/wp-content\/uploads\/2025\/06\/ChatGPT-Image-Jun-30-2025-07_28_44-AM-683x1024.png"},{"@type":"BreadcrumbList","@id":"https:\/\/love4amuslim.com\/judgement-day\/#breadcrumb","itemListElement":[{"@type":"ListItem","position":1,"name":"Home","item":"https:\/\/love4amuslim.com\/"},{"@type":"ListItem","position":2,"name":"Judgement Day"}]},{"@type":"WebSite","@id":"https:\/\/love4amuslim.com\/#website","url":"https:\/\/love4amuslim.com\/","name":"Love4amuslim","description":"God\u2019s Wonders In Your Mother Tongue","publisher":{"@id":"https:\/\/love4amuslim.com\/#organization"},"potentialAction":[{"@type":"SearchAction","target":{"@type":"EntryPoint","urlTemplate":"https:\/\/love4amuslim.com\/?s={search_term_string}"},"query-input":{"@type":"PropertyValueSpecification","valueRequired":true,"valueName":"search_term_string"}}],"inLanguage":"fr-FR"},{"@type":"Organization","@id":"https:\/\/love4amuslim.com\/#organization","name":"Love4amuslim","url":"https:\/\/love4amuslim.com\/","logo":{"@type":"ImageObject","inLanguage":"fr-FR","@id":"https:\/\/love4amuslim.com\/#\/schema\/logo\/image\/","url":"https:\/\/love4amuslim.com\/wp-content\/uploads\/2022\/04\/Love-4-20.svg","contentUrl":"https:\/\/love4amuslim.com\/wp-content\/uploads\/2022\/04\/Love-4-20.svg","width":500,"height":500,"caption":"Love4amuslim"},"image":{"@id":"https:\/\/love4amuslim.com\/#\/schema\/logo\/image\/"},"sameAs":["https:\/\/www.facebook.com\/LOVEFORAMUSLIM\/","https:\/\/www.instagram.com\/love4amuslim\/"]}]}},"_links":{"self":[{"href":"https:\/\/love4amuslim.com\/fr\/wp-json\/wp\/v2\/pages\/8979","targetHints":{"allow":["GET"]}}],"collection":[{"href":"https:\/\/love4amuslim.com\/fr\/wp-json\/wp\/v2\/pages"}],"about":[{"href":"https:\/\/love4amuslim.com\/fr\/wp-json\/wp\/v2\/types\/page"}],"author":[{"embeddable":true,"href":"https:\/\/love4amuslim.com\/fr\/wp-json\/wp\/v2\/users\/2"}],"replies":[{"embeddable":true,"href":"https:\/\/love4amuslim.com\/fr\/wp-json\/wp\/v2\/comments?post=8979"}],"version-history":[{"count":5,"href":"https:\/\/love4amuslim.com\/fr\/wp-json\/wp\/v2\/pages\/8979\/revisions"}],"predecessor-version":[{"id":9781,"href":"https:\/\/love4amuslim.com\/fr\/wp-json\/wp\/v2\/pages\/8979\/revisions\/9781"}],"wp:attachment":[{"href":"https:\/\/love4amuslim.com\/fr\/wp-json\/wp\/v2\/media?parent=8979"}],"curies":[{"name":"wp","href":"https:\/\/api.w.org\/{rel}","templated":true}]}}