{"id":8285,"date":"2022-09-10T02:46:57","date_gmt":"2022-09-10T02:46:57","guid":{"rendered":"https:\/\/asri.casethemes.net\/corporate\/?page_id=8285"},"modified":"2025-07-22T02:33:25","modified_gmt":"2025-07-22T02:33:25","slug":"cookie-policy","status":"publish","type":"page","link":"https:\/\/love4amuslim.com\/fr\/cookie-policy\/","title":{"rendered":"Politique en mati\u00e8re de cookies"},"content":{"rendered":"<div data-elementor-type=\"wp-page\" data-elementor-id=\"8285\" class=\"elementor elementor-8285\">\n\t\t\t\t        <section class=\"elementor-section elementor-top-section elementor-element elementor-element-a1ba9bf elementor-section-boxed elementor-section-height-default elementor-section-height-default pxl-type-header-none pxl-row-scroll-none pxl-bg-color-none pxl-section-overlay-none\" data-id=\"a1ba9bf\" data-element_type=\"section\" data-e-type=\"section\">\n\n                \n                <div class=\"elementor-container elementor-column-gap-extended\">\n                <div class=\"elementor-column elementor-col-100 elementor-top-column elementor-element elementor-element-c74a05f pxl-col-none pxl-column-none\" data-id=\"c74a05f\" data-element_type=\"column\" data-e-type=\"column\">\r\n        <div class=\"elementor-widget-wrap elementor-element-populated\">\r\n                     \r\n        \t\t<div class=\"elementor-element elementor-element-2b7f896 elementor-widget elementor-widget-heading\" data-id=\"2b7f896\" data-element_type=\"widget\" data-e-type=\"widget\" data-widget_type=\"heading.default\">\n\t\t\t\t<div class=\"elementor-widget-container\">\n\t\t\t\t\t<div id=\"pxl-heading-2b7f896-4191\" class=\"pxl-heading typewriter-color\">\n\t<div class=\"pxl-heading--inner\">\n\t\t\n\t\t\t\t\t<h3 class=\"pxl-item--title  highlight-default\" data-wow-delay=\"ms\">\n\t\t\t\tLove4amuslim Privacy Notice.\t\t\n\t\t\t<\/h3>\n\t\t\n\t\t\t<\/div>\n<\/div>\t\t\t\t<\/div>\n\t\t\t\t<\/div>\n\t\t\t\t<div class=\"elementor-element elementor-element-0207a2f elementor-widget elementor-widget-text-editor\" data-id=\"0207a2f\" data-element_type=\"widget\" data-e-type=\"widget\" data-widget_type=\"text-editor.default\">\n\t\t\t\t<div class=\"elementor-widget-container\">\n\t\t\t\t\t\t\t\t\t<p>Politique de cookies<\/p>\n<p>This Cookies Policy explains what Cookies are and how We use them. You should read this policy so You can understand what type of cookies We use, or the information We collect using Cookies and how that information is used.&nbsp;<\/p>\n<p>Cookies do not typically contain any information that personally identifies a user, but personal information that we store about You may be linked to the information stored in and obtained from Cookies. For further information on how We use, store and keep your personal data secure, see our Privacy Policy.<\/p>\n<p>We do not store sensitive personal information, such as mailing addresses, account passwords, etc. in the Cookies We use.<\/p>\n<h4><strong><b>INTERPRETATION ET DEFINITIONS<\/b><\/strong><\/h4>\n<h5><strong><b>Interpretation<\/b><\/strong><\/h5>\n<p>Les mots commen\u00e7ant par une majuscule ont la m\u00eame signification dans les conditions suivantes. Les d\u00e9finitions suivantes ont la m\u00eame signification, qu\u2019elles apparaissent au singulier ou au pluriel.<\/p>\n<h5><strong><b>Definitions<\/b><\/strong><\/h5>\n<p>For the purposes of this Cookies Policy:<\/p>\n<ul>\n<li><strong>Soci\u00e9t\u00e9 <\/strong>(referred to as either &#8220;the Company&#8221;, &#8220;We&#8221;, &#8220;Us&#8221; or &#8220;Our&#8221; in this Cookies Policy) refers to Love4aMuslim.<\/li>\n<li><strong>Les cookies <\/strong>means small files that are placed on Your computer, mobile device or any other device by a website, containing details of your browsing history on that website among its many uses.<\/li>\n<li><strong>Site web : <\/strong>Love4aMuslim, accessible depuis https:\/\/love4amuslim.com\/ <a href=\"https:\/\/love4amuslim.com\/fr\/\">https:\/\/love4amuslim.com\/<\/a><\/li>\n<li><strong>Vous <\/strong>means the individual accessing or using the Website, or a company, or any legal entity on behalf of which such individual is accessing or using the Website, as applicable.<\/li>\n<\/ul>\n<h4><strong><b>The use of the Cookies<\/b><\/strong><\/h4>\n<h5><strong><b>Type of Cookies We Use<\/b><\/strong><\/h5>\n<p>Cookies can be &#8220;Persistent&#8221; or &#8220;Session&#8221; Cookies. Persistent Cookies remain on your personal computer or mobile device when You go offline, while Session Cookies are deleted as soon as You close your web browser.<\/p>\n<p>We use both session and persistent Cookies for the purposes set out below:<\/p>\n<p><strong>Cookies n\u00e9cessaires\/essentiels<\/strong><\/p>\n<p>Type : Cookies de session<\/p>\n<p>Administr\u00e9s par : Nous<\/p>\n<p>Finalit\u00e9 : Ces cookies sont essentiels pour vous fournir les services disponibles sur le site web et vous permettre d'utiliser certaines de ses fonctionnalit\u00e9s. Ils permettent d'authentifier les utilisateurs et de pr\u00e9venir l'utilisation frauduleuse des comptes utilisateurs. Sans ces cookies, les services que vous avez demand\u00e9s ne peuvent pas \u00eatre fournis, et nous les utilisons uniquement pour vous fournir ces services.<\/p>\n<p><strong>Cookies de fonctionnalit\u00e9<\/strong><\/p>\n<p>Type : Cookies persistants<\/p>\n<p>Administr\u00e9s par : Nous<\/p>\n<p>Fonctionnalit\u00e9 : Ces cookies nous permettent de m\u00e9moriser vos choix lorsque vous utilisez le site web, comme vos identifiants de connexion ou votre langue pr\u00e9f\u00e9r\u00e9e. Ces cookies ont pour but de vous offrir une exp\u00e9rience plus personnalis\u00e9e et de vous \u00e9viter de ressaisir vos pr\u00e9f\u00e9rences \u00e0 chaque utilisation du site web.<\/p>\n<h5><strong><b>Your Choices Regarding Cookies<\/b><\/strong><\/h5>\n<p>If You prefer to avoid the use of Cookies on the Website, first You must disable the use of Cookies in your browser and then delete the Cookies saved in your browser associated with this website. You may use this option for preventing the use of Cookies at any time.<\/p>\n<p>If You do not accept Our Cookies, You may experience some inconvenience in your use of the Website and some features may not function properly.<\/p>\n<p>If You&#8217;d like to delete Cookies or instruct your web browser to delete or refuse Cookies, please visit the help pages of your web browser.<\/p>\n<p>For the Chrome web browser, please visit this page from Google: <a href=\"https:\/\/support.google.com\/accounts\/answer\/32050\">https:\/\/support.google.com\/accounts\/answer\/32050<\/a><\/p>\n<p>For the Internet Explorer web browser, please visit this page from Microsoft: <a href=\"http:\/\/support.microsoft.com\/kb\/278835\">http:\/\/support.microsoft.com\/kb\/278835<\/a><\/p>\n<p>For the Firefox web browser, please visit this page from Mozilla: <a href=\"https:\/\/support.mozilla.org\/en-US\/kb\/delete-cookies-remove-info-websites-stored\">https:\/\/support.mozilla.org\/en-US\/kb\/delete-cookies-remove-info-websites-stored<\/a><\/p>\n<p>For the Safari web browser, please visit this page from Apple: <a href=\"https:\/\/support.apple.com\/guide\/safari\/manage-cookies-and-website-data-sfri11471\/mac\">https:\/\/support.apple.com\/guide\/safari\/manage-cookies-and-website-data-sfri11471\/mac<\/a><\/p>\n<p>For any other web browser, please visit your web browser&#8217;s official web pages.<\/p>\n<h6><strong><b>Contactez-nous<\/b><\/strong><\/h6>\n<p>If you have any questions about this Cookies Policy, You can contact us:<\/p>\n<ul>\n<li>Par e-mail\u00a0: contactus@love4amuslim.com<\/li>\n<\/ul>\t\t\t\t\t\t\t\t<\/div>\n\t\t\t\t<\/div>\n\t\t            <\/div>\r\n        <\/div>\r\n        \t\t\t<\/div>\n\t\t<\/section>\n\t\t\t\t<\/div>","protected":false},"excerpt":{"rendered":"<p>Love4amuslim Privacy Notice. Cookies Policy This Cookies Policy explains what Cookies are and how We use them. You should read this policy so You can understand what type of cookies We use, or the information We collect using Cookies and how that information is used.&nbsp; Cookies do not typically contain any information that personally identifies [&hellip;]<\/p>\n","protected":false},"author":2,"featured_media":0,"parent":0,"menu_order":0,"comment_status":"closed","ping_status":"closed","template":"","meta":{"_eb_attr":"","footnotes":""},"class_list":["post-8285","page","type-page","status-publish","hentry"],"yoast_head":"<!-- This site is optimized with the Yoast SEO plugin v27.4 - https:\/\/yoast.com\/product\/yoast-seo-wordpress\/ -->\n<title>Cookie Policy - Love4amuslim<\/title>\n<meta name=\"robots\" content=\"index, follow, max-snippet:-1, max-image-preview:large, max-video-preview:-1\" \/>\n<link rel=\"canonical\" href=\"https:\/\/love4amuslim.com\/fr\/cookie-policy\/\" \/>\n<meta property=\"og:locale\" content=\"fr_FR\" \/>\n<meta property=\"og:type\" content=\"article\" \/>\n<meta property=\"og:title\" content=\"Cookie Policy - Love4amuslim\" \/>\n<meta property=\"og:description\" content=\"Love4amuslim Privacy Notice. Cookies Policy This Cookies Policy explains what Cookies are and how We use them. You should read this policy so You can understand what type of cookies We use, or the information We collect using Cookies and how that information is used.&nbsp; Cookies do not typically contain any information that personally identifies [&hellip;]\" \/>\n<meta property=\"og:url\" content=\"https:\/\/love4amuslim.com\/fr\/cookie-policy\/\" \/>\n<meta property=\"og:site_name\" content=\"Love4amuslim\" \/>\n<meta property=\"article:publisher\" content=\"https:\/\/www.facebook.com\/LOVEFORAMUSLIM\/\" \/>\n<meta property=\"article:modified_time\" content=\"2025-07-22T02:33:25+00:00\" \/>\n<meta name=\"twitter:card\" content=\"summary_large_image\" \/>\n<meta name=\"twitter:label1\" content=\"Dur\u00e9e de lecture estim\u00e9e\" \/>\n\t<meta name=\"twitter:data1\" content=\"3 minutes\" \/>\n<script type=\"application\/ld+json\" class=\"yoast-schema-graph\">{\"@context\":\"https:\\\/\\\/schema.org\",\"@graph\":[{\"@type\":\"WebPage\",\"@id\":\"https:\\\/\\\/love4amuslim.com\\\/cookie-policy\\\/\",\"url\":\"https:\\\/\\\/love4amuslim.com\\\/cookie-policy\\\/\",\"name\":\"Cookie Policy - Love4amuslim\",\"isPartOf\":{\"@id\":\"https:\\\/\\\/love4amuslim.com\\\/#website\"},\"datePublished\":\"2022-09-10T02:46:57+00:00\",\"dateModified\":\"2025-07-22T02:33:25+00:00\",\"breadcrumb\":{\"@id\":\"https:\\\/\\\/love4amuslim.com\\\/cookie-policy\\\/#breadcrumb\"},\"inLanguage\":\"fr-FR\",\"potentialAction\":[{\"@type\":\"ReadAction\",\"target\":[\"https:\\\/\\\/love4amuslim.com\\\/cookie-policy\\\/\"]}]},{\"@type\":\"BreadcrumbList\",\"@id\":\"https:\\\/\\\/love4amuslim.com\\\/cookie-policy\\\/#breadcrumb\",\"itemListElement\":[{\"@type\":\"ListItem\",\"position\":1,\"name\":\"Home\",\"item\":\"https:\\\/\\\/love4amuslim.com\\\/\"},{\"@type\":\"ListItem\",\"position\":2,\"name\":\"Cookie Policy\"}]},{\"@type\":\"WebSite\",\"@id\":\"https:\\\/\\\/love4amuslim.com\\\/#website\",\"url\":\"https:\\\/\\\/love4amuslim.com\\\/\",\"name\":\"Love4amuslim\",\"description\":\"God\u2019s Wonders In Your Mother Tongue\",\"publisher\":{\"@id\":\"https:\\\/\\\/love4amuslim.com\\\/#organization\"},\"potentialAction\":[{\"@type\":\"SearchAction\",\"target\":{\"@type\":\"EntryPoint\",\"urlTemplate\":\"https:\\\/\\\/love4amuslim.com\\\/?s={search_term_string}\"},\"query-input\":{\"@type\":\"PropertyValueSpecification\",\"valueRequired\":true,\"valueName\":\"search_term_string\"}}],\"inLanguage\":\"fr-FR\"},{\"@type\":\"Organization\",\"@id\":\"https:\\\/\\\/love4amuslim.com\\\/#organization\",\"name\":\"Love4amuslim\",\"url\":\"https:\\\/\\\/love4amuslim.com\\\/\",\"logo\":{\"@type\":\"ImageObject\",\"inLanguage\":\"fr-FR\",\"@id\":\"https:\\\/\\\/love4amuslim.com\\\/#\\\/schema\\\/logo\\\/image\\\/\",\"url\":\"https:\\\/\\\/love4amuslim.com\\\/wp-content\\\/uploads\\\/2022\\\/04\\\/Love-4-20.svg\",\"contentUrl\":\"https:\\\/\\\/love4amuslim.com\\\/wp-content\\\/uploads\\\/2022\\\/04\\\/Love-4-20.svg\",\"width\":500,\"height\":500,\"caption\":\"Love4amuslim\"},\"image\":{\"@id\":\"https:\\\/\\\/love4amuslim.com\\\/#\\\/schema\\\/logo\\\/image\\\/\"},\"sameAs\":[\"https:\\\/\\\/www.facebook.com\\\/LOVEFORAMUSLIM\\\/\",\"https:\\\/\\\/www.instagram.com\\\/love4amuslim\\\/\"]}]}<\/script>\n<!-- \/ Yoast SEO plugin. -->","yoast_head_json":{"title":"Cookie Policy - Love4amuslim","robots":{"index":"index","follow":"follow","max-snippet":"max-snippet:-1","max-image-preview":"max-image-preview:large","max-video-preview":"max-video-preview:-1"},"canonical":"https:\/\/love4amuslim.com\/fr\/cookie-policy\/","og_locale":"fr_FR","og_type":"article","og_title":"Cookie Policy - Love4amuslim","og_description":"Love4amuslim Privacy Notice. Cookies Policy This Cookies Policy explains what Cookies are and how We use them. You should read this policy so You can understand what type of cookies We use, or the information We collect using Cookies and how that information is used.&nbsp; Cookies do not typically contain any information that personally identifies [&hellip;]","og_url":"https:\/\/love4amuslim.com\/fr\/cookie-policy\/","og_site_name":"Love4amuslim","article_publisher":"https:\/\/www.facebook.com\/LOVEFORAMUSLIM\/","article_modified_time":"2025-07-22T02:33:25+00:00","twitter_card":"summary_large_image","twitter_misc":{"Dur\u00e9e de lecture estim\u00e9e":"3 minutes"},"schema":{"@context":"https:\/\/schema.org","@graph":[{"@type":"WebPage","@id":"https:\/\/love4amuslim.com\/cookie-policy\/","url":"https:\/\/love4amuslim.com\/cookie-policy\/","name":"Cookie Policy - Love4amuslim","isPartOf":{"@id":"https:\/\/love4amuslim.com\/#website"},"datePublished":"2022-09-10T02:46:57+00:00","dateModified":"2025-07-22T02:33:25+00:00","breadcrumb":{"@id":"https:\/\/love4amuslim.com\/cookie-policy\/#breadcrumb"},"inLanguage":"fr-FR","potentialAction":[{"@type":"ReadAction","target":["https:\/\/love4amuslim.com\/cookie-policy\/"]}]},{"@type":"BreadcrumbList","@id":"https:\/\/love4amuslim.com\/cookie-policy\/#breadcrumb","itemListElement":[{"@type":"ListItem","position":1,"name":"Home","item":"https:\/\/love4amuslim.com\/"},{"@type":"ListItem","position":2,"name":"Cookie Policy"}]},{"@type":"WebSite","@id":"https:\/\/love4amuslim.com\/#website","url":"https:\/\/love4amuslim.com\/","name":"Love4amuslim","description":"God\u2019s Wonders In Your Mother Tongue","publisher":{"@id":"https:\/\/love4amuslim.com\/#organization"},"potentialAction":[{"@type":"SearchAction","target":{"@type":"EntryPoint","urlTemplate":"https:\/\/love4amuslim.com\/?s={search_term_string}"},"query-input":{"@type":"PropertyValueSpecification","valueRequired":true,"valueName":"search_term_string"}}],"inLanguage":"fr-FR"},{"@type":"Organization","@id":"https:\/\/love4amuslim.com\/#organization","name":"Love4amuslim","url":"https:\/\/love4amuslim.com\/","logo":{"@type":"ImageObject","inLanguage":"fr-FR","@id":"https:\/\/love4amuslim.com\/#\/schema\/logo\/image\/","url":"https:\/\/love4amuslim.com\/wp-content\/uploads\/2022\/04\/Love-4-20.svg","contentUrl":"https:\/\/love4amuslim.com\/wp-content\/uploads\/2022\/04\/Love-4-20.svg","width":500,"height":500,"caption":"Love4amuslim"},"image":{"@id":"https:\/\/love4amuslim.com\/#\/schema\/logo\/image\/"},"sameAs":["https:\/\/www.facebook.com\/LOVEFORAMUSLIM\/","https:\/\/www.instagram.com\/love4amuslim\/"]}]}},"_links":{"self":[{"href":"https:\/\/love4amuslim.com\/fr\/wp-json\/wp\/v2\/pages\/8285","targetHints":{"allow":["GET"]}}],"collection":[{"href":"https:\/\/love4amuslim.com\/fr\/wp-json\/wp\/v2\/pages"}],"about":[{"href":"https:\/\/love4amuslim.com\/fr\/wp-json\/wp\/v2\/types\/page"}],"author":[{"embeddable":true,"href":"https:\/\/love4amuslim.com\/fr\/wp-json\/wp\/v2\/users\/2"}],"replies":[{"embeddable":true,"href":"https:\/\/love4amuslim.com\/fr\/wp-json\/wp\/v2\/comments?post=8285"}],"version-history":[{"count":5,"href":"https:\/\/love4amuslim.com\/fr\/wp-json\/wp\/v2\/pages\/8285\/revisions"}],"predecessor-version":[{"id":10349,"href":"https:\/\/love4amuslim.com\/fr\/wp-json\/wp\/v2\/pages\/8285\/revisions\/10349"}],"wp:attachment":[{"href":"https:\/\/love4amuslim.com\/fr\/wp-json\/wp\/v2\/media?parent=8285"}],"curies":[{"name":"wp","href":"https:\/\/api.w.org\/{rel}","templated":true}]}}