{"id":10180,"date":"2025-07-15T10:26:38","date_gmt":"2025-07-15T10:26:38","guid":{"rendered":"https:\/\/love4amuslim.com\/?page_id=10180"},"modified":"2025-07-17T05:05:02","modified_gmt":"2025-07-17T05:05:02","slug":"terms-conditions","status":"publish","type":"page","link":"https:\/\/love4amuslim.com\/fr\/terms-conditions\/","title":{"rendered":"CONDITIONS GENERALES"},"content":{"rendered":"<div data-elementor-type=\"wp-page\" data-elementor-id=\"10180\" class=\"elementor elementor-10180\">\n\t\t\t\t<div class=\"elementor-element elementor-element-5d381ea e-flex e-con-boxed e-con e-parent\" data-id=\"5d381ea\" data-element_type=\"container\" data-e-type=\"container\">\t\t\t<div class=\"e-con-inner\">\r\n\t\t\t\t<div class=\"elementor-element elementor-element-2d5a9a2 elementor-widget elementor-widget-heading\" data-id=\"2d5a9a2\" data-element_type=\"widget\" data-e-type=\"widget\" data-widget_type=\"heading.default\">\n\t\t\t\t<div class=\"elementor-widget-container\">\n\t\t\t\t\t<div id=\"pxl-heading-2d5a9a2-5089\" class=\"pxl-heading typewriter-color\">\n\t<div class=\"pxl-heading--inner\">\n\t\t\n\t\t\t\t\t<h3 class=\"pxl-item--title  highlight-default ft-chronicledisplay\" data-wow-delay=\"ms\">\n\t\t\t\tCONDITIONS GENERALES\t\t\n\t\t\t<\/h3>\n\t\t\n\t\t\t<\/div>\n<\/div>\t\t\t\t<\/div>\n\t\t\t\t<\/div>\n\t\t\t\t<div class=\"elementor-element elementor-element-ec6ea98 elementor-widget elementor-widget-text-editor\" data-id=\"ec6ea98\" data-element_type=\"widget\" data-e-type=\"widget\" data-widget_type=\"text-editor.default\">\n\t\t\t\t<div class=\"elementor-widget-container\">\n\t\t\t\t\t\t\t\t\t<p>CONDITIONS GENERALES<\/p><p>Veuillez lire attentivement les pr\u00e9sentes conditions g\u00e9n\u00e9rales avant d\u2019utiliser notre service.<\/p><h4><strong><b>INTERPRETATION ET DEFINITIONS<\/b><\/strong><\/h4><h5><strong><b>Interpretation<\/b><\/strong><\/h5><p>Les mots commen\u00e7ant par une majuscule ont la m\u00eame signification dans les conditions suivantes. Les d\u00e9finitions suivantes ont la m\u00eame signification, qu\u2019elles apparaissent au singulier ou au pluriel.<\/p><h5><strong><b>Definitions<\/b><\/strong><\/h5><p>Aux fins des pr\u00e9sentes Conditions g\u00e9n\u00e9rales\u00a0:<\/p><p><strong>Pays<\/strong>\u00a0d\u00e9signe le B\u00e9nin.<\/p><p><strong>Soci\u00e9t\u00e9<\/strong>\u00a0d\u00e9sign\u00e9e par \"la Soci\u00e9t\u00e9 \", \"Nous \", \" Notre \", \n\" ou\", \" Nos\" ,  dans le pr\u00e9sent Contrat) d\u00e9signe Love4aMuslim.<\/p><p><strong>Appareil<\/strong>\u00a0d\u00e9signe tout appareil permettant d\u2019acc\u00e9der au Service, tel qu\u2019un ordinateur, un t\u00e9l\u00e9phone portable ou une tablette num\u00e9rique.<\/p><p><strong>Service<\/strong>\u00a0d\u00e9signe le site web.<\/p><p><strong>CONDITIONS GENERALES<\/strong> (\u00e9galement appel\u00e9es \"\u00a0Conditions\u00a0\") d\u00e9signent les pr\u00e9sentes Conditions g\u00e9n\u00e9rales qui constituent l'int\u00e9gralit\u00e9 de l'accord entre Vous et la Soci\u00e9t\u00e9 concernant l'utilisation du Service. Ces Conditions g\u00e9n\u00e9rales ont \u00e9t\u00e9 cr\u00e9\u00e9es \u00e0 l'aide du G\u00e9n\u00e9rateur de Conditions g\u00e9n\u00e9rales.\u00a0<\/p><p><strong>Service de m\u00e9dias sociaux tiers<\/strong>\u00a0d\u00e9signe tout service ou contenu (y compris les donn\u00e9es, informations, produits ou services) fourni par un tiers et susceptible d'\u00eatre affich\u00e9, inclus ou mis \u00e0 disposition par le Service.<\/p><p><strong>Site web :<\/strong>\u00a0Love4aMuslim, accessible depuis https:\/\/love4amuslim.com\/ <a href=\"https:\/\/love4amuslim.com\/fr\/\">https:\/\/love4amuslim.com\/<\/a><\/p><p><strong>Vous<\/strong>\u00a0d\u00e9signe la personne qui acc\u00e8de au Service ou l'utilise, ou l'entreprise ou toute autre personne morale pour le compte de laquelle cette personne acc\u00e8de au Service ou l'utilise, selon le cas.<\/p><h4><strong><b>Reconnaissance<\/b><\/strong><\/h4><p>Les pr\u00e9sentes Conditions g\u00e9n\u00e9rales r\u00e9gissent l'utilisation de ce Service et constituent l'accord entre Vous et la Soci\u00e9t\u00e9. Elles d\u00e9finissent les droits et obligations de tous les utilisateurs concernant l'utilisation du Service.<\/p><p>Votre acc\u00e8s au Service et son utilisation sont conditionn\u00e9s par votre acceptation et votre respect des pr\u00e9sentes Conditions g\u00e9n\u00e9rales. Ces Conditions g\u00e9n\u00e9rales s'appliquent \u00e0 tous les visiteurs, utilisateurs et autres personnes qui acc\u00e8dent au Service ou l'utilisent.<\/p><p>En acc\u00e9dant au Service ou en l'utilisant, vous acceptez d'\u00eatre li\u00e9 par les pr\u00e9sentes Conditions g\u00e9n\u00e9rales. Si vous \u00eates en d\u00e9saccord avec une quelconque partie de ces Conditions g\u00e9n\u00e9rales, vous ne pouvez pas acc\u00e9der au Service.<\/p><p>Vous d\u00e9clarez avoir plus de 18 ans. La Soci\u00e9t\u00e9 n'autorise pas les personnes de moins de 18 ans \u00e0 utiliser le Service.<\/p><p>Votre acc\u00e8s au Service et son utilisation sont \u00e9galement conditionn\u00e9s par votre acceptation et votre respect de la Politique de confidentialit\u00e9 de la Soci\u00e9t\u00e9. Notre Politique de confidentialit\u00e9 d\u00e9crit nos politiques et proc\u00e9dures relatives \u00e0 la collecte, \u00e0 l'utilisation et \u00e0 la divulgation de vos informations personnelles lorsque vous utilisez l'Application ou le Site web, et vous informe de vos droits en mati\u00e8re de confidentialit\u00e9 et de la mani\u00e8re dont la loi vous prot\u00e8ge. Veuillez lire attentivement notre Politique de confidentialit\u00e9 avant d'utiliser notre Service.<\/p><h4><strong><b>Liens vers d'autres sites web<\/b><\/strong><\/h4><p>Notre Service peut contenir des liens vers des sites web ou des services tiers qui ne sont ni d\u00e9tenus ni contr\u00f4l\u00e9s par la Soci\u00e9t\u00e9.<\/p><p>La Soci\u00e9t\u00e9 n'exerce aucun contr\u00f4le sur le contenu, les politiques de confidentialit\u00e9 ou les pratiques des sites web ou services tiers et d\u00e9cline toute responsabilit\u00e9 \u00e0 leur \u00e9gard. Vous reconnaissez et acceptez \u00e9galement que la Soci\u00e9t\u00e9 ne saurait \u00eatre tenue responsable, directement ou indirectement, de tout dommage ou perte caus\u00e9 ou pr\u00e9tendument caus\u00e9 par ou en relation avec l'utilisation ou la confiance accord\u00e9e \u00e0 ces contenus, biens ou services disponibles sur ou via ces sites web ou services.<\/p><p>Nous vous conseillons vivement de lire les conditions g\u00e9n\u00e9rales et les politiques de confidentialit\u00e9 de tout site web ou service tiers que vous consultez.<\/p><h4><strong><b>R\u00e9siliation<\/b><\/strong><\/h4><p>Nous pouvons r\u00e9silier ou suspendre votre acc\u00e8s imm\u00e9diatement, sans pr\u00e9avis ni responsabilit\u00e9, pour quelque raison que ce soit, y compris, sans limitation, en cas de violation des pr\u00e9sentes Conditions g\u00e9n\u00e9rales.<\/p><p>En cas de r\u00e9siliation, votre droit d'utiliser le Service cessera imm\u00e9diatement.<\/p><h4><strong><b>Limitation de responsabilit\u00e9<\/b><\/strong><\/h4><p>Nonobstant tout dommage que vous pourriez subir, l'enti\u00e8re responsabilit\u00e9 de la Soci\u00e9t\u00e9 et de ses fournisseurs en vertu des pr\u00e9sentes Conditions, ainsi que votre recours exclusif pour tout ce qui pr\u00e9c\u00e8de, seront limit\u00e9s au montant effectivement pay\u00e9 par vous via le Service ou \u00e0 100 USD si vous n'avez rien achet\u00e9 via le Service.<\/p><p>Dans la mesure maximale autoris\u00e9e par la loi applicable, la Soci\u00e9t\u00e9 ou ses fournisseurs ne pourront en aucun cas \u00eatre tenus responsables de dommages sp\u00e9ciaux, accessoires, indirects ou cons\u00e9cutifs.<\/p><p>Quel qu'il soit (y compris, mais sans s'y limiter, les dommages pour perte de profits, perte de donn\u00e9es ou autres informations, interruption d'activit\u00e9, pr\u00e9judice corporel, atteinte \u00e0 la vie priv\u00e9e d\u00e9coulant de ou li\u00e9 de quelque mani\u00e8re que ce soit \u00e0 l'utilisation ou \u00e0 l'impossibilit\u00e9 d'utiliser le Service, les logiciels et\/ou mat\u00e9riels tiers utilis\u00e9s avec le Service, ou autrement en lien avec toute disposition des pr\u00e9sentes Conditions), m\u00eame si la Soci\u00e9t\u00e9 ou tout fournisseur a \u00e9t\u00e9 inform\u00e9 de la possibilit\u00e9 de tels dommages et m\u00eame si le recours manque \u00e0 son objectif essentiel. Certains \u00c9tats n'autorisent pas l'exclusion des garanties implicites ou la limitation de responsabilit\u00e9 pour les dommages accessoires ou indirects, ce qui signifie que certaines des limitations ci-dessus peuvent ne pas s'appliquer. Dans ces \u00c9tats, la responsabilit\u00e9 de chaque partie sera limit\u00e9e dans toute la mesure permise par la loi.<\/p><h4><strong><b>Avis de non-responsabilit\u00e9 \"\u00a0EN L'\u00c9TAT\u00a0\" et \"\u00a0SELON DISPONIBILIT\u00c9\u00a0\"<\/b><\/strong><\/h4><p>Le Service vous est fourni \u00ab\u00a0EN L'\u00c9TAT\u00a0\u00bb et \u00ab\u00a0SELON DISPONIBILIT\u00c9\u00a0\u00bb, avec tous ses d\u00e9fauts et vices, sans garantie d'aucune sorte. Dans la mesure maximale autoris\u00e9e par la loi applicable, la Soci\u00e9t\u00e9, en son nom propre et au nom de ses Soci\u00e9t\u00e9s affili\u00e9es et de leurs conc\u00e9dants et prestataires de services respectifs, d\u00e9cline express\u00e9ment toute garantie, expresse, implicite, l\u00e9gale ou autre, concernant le Service, y compris toutes les garanties implicites de qualit\u00e9 marchande, d'ad\u00e9quation \u00e0 un usage particulier, de titre et de non-contrefa\u00e7on, ainsi que les garanties pouvant d\u00e9couler de transactions, d'ex\u00e9cutions, d'usages ou de pratiques commerciales. Sans limitation de ce qui pr\u00e9c\u00e8de, la Soci\u00e9t\u00e9 ne fournit aucune garantie ni aucun engagement, et ne fait aucune d\u00e9claration de quelque nature que ce soit, quant \u00e0 la conformit\u00e9 du Service \u00e0 vos exigences, \u00e0 l'obtention des r\u00e9sultats escompt\u00e9s, \u00e0 sa compatibilit\u00e9 ou \u00e0 son fonctionnement avec tout autre logiciel, application, syst\u00e8me ou service, \u00e0 son fonctionnement ininterrompu, \u00e0 son respect des normes de performance ou de fiabilit\u00e9, \u00e0 son absence d'erreurs, ni quant \u00e0 la possibilit\u00e9 ou au risque de correction des erreurs ou d\u00e9fauts. Sans limiter ce qui pr\u00e9c\u00e8de, ni la Soci\u00e9t\u00e9 ni aucun de ses fournisseurs ne font aucune d\u00e9claration ni ne donnent aucune garantie, expresse ou implicite\u00a0: (i) quant au fonctionnement ou \u00e0 la disponibilit\u00e9 du Service, ou des informations, contenus, mat\u00e9riels ou produits qui y sont inclus\u00a0; (ii) quant \u00e0 l'ininterruption ou l'absence d'erreurs du Service\u00a0; (iii) quant \u00e0 l'exactitude, la fiabilit\u00e9 ou l'actualit\u00e9 des informations ou contenus fournis via le Service\u00a0; ou (iv) quant \u00e0 l'absence de virus, scripts, chevaux de Troie, vers, logiciels malveillants, bombes \u00e0 retardement ou autres composants nuisibles dans le Service, ses serveurs, son contenu ou les e-mails envoy\u00e9s par ou au nom de la Soci\u00e9t\u00e9.<\/p><p>Certaines juridictions n'autorisant pas l'exclusion de certains types de garanties ou de limitations des droits statutaires applicables d'un consommateur, certaines ou la totalit\u00e9 des exclusions et limitations ci-dessus peuvent ne pas s'appliquer \u00e0 vous. Toutefois, dans ce cas, les exclusions et limitations \u00e9nonc\u00e9es dans la pr\u00e9sente section s'appliqueront dans toute la mesure permise par la loi applicable. Loi applicable<\/p><p>Les pr\u00e9sentes Conditions et votre utilisation du Service sont r\u00e9gies par les lois du Pays, \u00e0 l'exclusion de ses r\u00e8gles de conflit de lois. Votre utilisation de l'Application peut \u00e9galement \u00eatre soumise \u00e0 d'autres lois locales, \u00e9tatiques, nationales ou internationales.<\/p><h4><strong><b>R\u00e9solution des litiges<\/b><\/strong><\/h4><p>En cas de pr\u00e9occupation ou de litige concernant le Service, vous acceptez de tenter d'abord de le r\u00e9soudre de mani\u00e8re informelle en contactant la Soci\u00e9t\u00e9.<\/p><h4><strong><b>R\u00e9solution des litiges<\/b><\/strong><\/h4><p>En cas de pr\u00e9occupation ou de litige concernant le Service, vous acceptez de tenter d'abord de le r\u00e9soudre de mani\u00e8re informelle en contactant la Soci\u00e9t\u00e9.<\/p><h4><strong><b>Pour les utilisateurs de l'Union europ\u00e9enne (UE)<\/b><\/strong><\/h4><p>Si vous \u00eates un consommateur de l'Union europ\u00e9enne, vous b\u00e9n\u00e9ficierez de toutes les dispositions obligatoires de la loi de votre pays de r\u00e9sidence.<\/p><h4><strong><b>Conformit\u00e9 juridique aux \u00c9tats-Unis<\/b><\/strong><\/h4><p>Vous d\u00e9clarez et garantissez que (i) vous ne r\u00e9sidez pas dans un pays soumis \u00e0 l'embargo des \u00c9tats-Unis ou d\u00e9sign\u00e9 par le gouvernement des \u00c9tats-Unis comme pays \u00ab soutenant le terrorisme \u00bb, et (ii) vous ne figurez sur aucune liste de parties interdites ou soumises \u00e0 des restrictions du gouvernement des \u00c9tats-Unis.<\/p><h4><strong><b>Divisibilit\u00e9 et renonciation<\/b><\/strong><\/h4><h5><strong><b>Divisibilit\u00e9<\/b><\/strong><\/h5><p>Si une disposition des pr\u00e9sentes Conditions est jug\u00e9e inapplicable ou invalide, elle sera modifi\u00e9e et interpr\u00e9t\u00e9e de mani\u00e8re \u00e0 atteindre ses objectifs dans toute la mesure du possible en vertu de la loi applicable, et les autres dispositions resteront pleinement en vigueur.<\/p><h5><strong><b>Renonciation<\/b><\/strong><\/h5><p>Sauf disposition contraire des pr\u00e9sentes, le d\u00e9faut d'exercer un droit ou d'exiger l'ex\u00e9cution d'une obligation en vertu des pr\u00e9sentes Conditions n'affecte pas la capacit\u00e9 d'une partie \u00e0 exercer ce droit ou \u00e0 exiger cette ex\u00e9cution ult\u00e9rieurement, et la renonciation \u00e0 un manquement ne constitue pas une renonciation \u00e0 tout manquement ult\u00e9rieur.<\/p><h4><strong><b>Traduction et interpr\u00e9tation<\/b><\/strong><\/h4><p>Les pr\u00e9sentes Conditions g\u00e9n\u00e9rales peuvent avoir \u00e9t\u00e9 traduites si nous les avons mises \u00e0 votre disposition sur notre Service. Vous acceptez que le texte original anglais pr\u00e9vale en cas de litige<\/p><h4><strong><b>Modifications des pr\u00e9sentes Conditions g\u00e9n\u00e9rales<\/b><\/strong><\/h4><p>Nous nous r\u00e9servons le droit, \u00e0 notre enti\u00e8re discr\u00e9tion, de modifier ou de remplacer les pr\u00e9sentes Conditions \u00e0 tout moment. En cas de r\u00e9vision importante, nous mettrons tout en \u0153uvre pour vous informer au moins 30 jours \u00e0 l'avance de l'entr\u00e9e en vigueur de toute nouvelle condition. Ce qui constitue une modification importante sera d\u00e9termin\u00e9 \u00e0 notre enti\u00e8re discr\u00e9tion.<\/p><p>En continuant \u00e0 acc\u00e9der \u00e0 notre Service ou \u00e0 l'utiliser apr\u00e8s l'entr\u00e9e en vigueur de ces r\u00e9visions, vous acceptez d'\u00eatre li\u00e9 par les conditions r\u00e9vis\u00e9es. Si vous n'acceptez pas les nouvelles conditions, en tout ou en partie, veuillez cesser d'utiliser le site web et le Service.<\/p><h5><strong><b>Contactez-nous<\/b><\/strong><\/h5><p>Pour toute question concernant les pr\u00e9sentes Conditions g\u00e9n\u00e9rales, vous pouvez nous contacter\u00a0:<\/p><ul><li>Par e-mail\u00a0: contactus@love4amuslim.com<\/li><\/ul>\t\t\t\t\t\t\t\t<\/div>\n\t\t\t\t<\/div>\n\t\t\t\t\t<\/div>\r\n\t\t\t\t<\/div>\r\n\t\t\t\t<\/div>","protected":false},"excerpt":{"rendered":"<p>Terms and Conditions Terms and Conditions Please read these terms and conditions carefully before using Our Service. Interpretation and Definitions Interpretation The words of which the initial letter is capitalized have meanings defined under the following conditions. The following definitions shall have the same meaning regardless of whether they appear in singular or in plural. [&hellip;]<\/p>\n","protected":false},"author":2,"featured_media":0,"parent":0,"menu_order":0,"comment_status":"closed","ping_status":"closed","template":"","meta":{"_eb_attr":"","footnotes":""},"class_list":["post-10180","page","type-page","status-publish","hentry"],"yoast_head":"<!-- This site is optimized with the Yoast SEO plugin v27.4 - https:\/\/yoast.com\/product\/yoast-seo-wordpress\/ -->\n<title>Terms &amp; Conditions - Love4amuslim<\/title>\n<meta name=\"robots\" content=\"index, follow, max-snippet:-1, max-image-preview:large, max-video-preview:-1\" \/>\n<link rel=\"canonical\" href=\"https:\/\/love4amuslim.com\/fr\/terms-conditions\/\" \/>\n<meta property=\"og:locale\" content=\"fr_FR\" \/>\n<meta property=\"og:type\" content=\"article\" \/>\n<meta property=\"og:title\" content=\"Terms &amp; Conditions - Love4amuslim\" \/>\n<meta property=\"og:description\" content=\"Terms and Conditions Terms and Conditions Please read these terms and conditions carefully before using Our Service. Interpretation and Definitions Interpretation The words of which the initial letter is capitalized have meanings defined under the following conditions. The following definitions shall have the same meaning regardless of whether they appear in singular or in plural. [&hellip;]\" \/>\n<meta property=\"og:url\" content=\"https:\/\/love4amuslim.com\/fr\/terms-conditions\/\" \/>\n<meta property=\"og:site_name\" content=\"Love4amuslim\" \/>\n<meta property=\"article:publisher\" content=\"https:\/\/www.facebook.com\/LOVEFORAMUSLIM\/\" \/>\n<meta property=\"article:modified_time\" content=\"2025-07-17T05:05:02+00:00\" \/>\n<meta name=\"twitter:card\" content=\"summary_large_image\" \/>\n<meta name=\"twitter:label1\" content=\"Dur\u00e9e de lecture estim\u00e9e\" \/>\n\t<meta name=\"twitter:data1\" content=\"8 minutes\" \/>\n<script type=\"application\/ld+json\" class=\"yoast-schema-graph\">{\"@context\":\"https:\\\/\\\/schema.org\",\"@graph\":[{\"@type\":\"WebPage\",\"@id\":\"https:\\\/\\\/love4amuslim.com\\\/terms-conditions\\\/\",\"url\":\"https:\\\/\\\/love4amuslim.com\\\/terms-conditions\\\/\",\"name\":\"Terms &amp; Conditions - Love4amuslim\",\"isPartOf\":{\"@id\":\"https:\\\/\\\/love4amuslim.com\\\/#website\"},\"datePublished\":\"2025-07-15T10:26:38+00:00\",\"dateModified\":\"2025-07-17T05:05:02+00:00\",\"breadcrumb\":{\"@id\":\"https:\\\/\\\/love4amuslim.com\\\/terms-conditions\\\/#breadcrumb\"},\"inLanguage\":\"fr-FR\",\"potentialAction\":[{\"@type\":\"ReadAction\",\"target\":[\"https:\\\/\\\/love4amuslim.com\\\/terms-conditions\\\/\"]}]},{\"@type\":\"BreadcrumbList\",\"@id\":\"https:\\\/\\\/love4amuslim.com\\\/terms-conditions\\\/#breadcrumb\",\"itemListElement\":[{\"@type\":\"ListItem\",\"position\":1,\"name\":\"Home\",\"item\":\"https:\\\/\\\/love4amuslim.com\\\/\"},{\"@type\":\"ListItem\",\"position\":2,\"name\":\"Terms &amp; Conditions\"}]},{\"@type\":\"WebSite\",\"@id\":\"https:\\\/\\\/love4amuslim.com\\\/#website\",\"url\":\"https:\\\/\\\/love4amuslim.com\\\/\",\"name\":\"Love4amuslim\",\"description\":\"God\u2019s Wonders In Your Mother Tongue\",\"publisher\":{\"@id\":\"https:\\\/\\\/love4amuslim.com\\\/#organization\"},\"potentialAction\":[{\"@type\":\"SearchAction\",\"target\":{\"@type\":\"EntryPoint\",\"urlTemplate\":\"https:\\\/\\\/love4amuslim.com\\\/?s={search_term_string}\"},\"query-input\":{\"@type\":\"PropertyValueSpecification\",\"valueRequired\":true,\"valueName\":\"search_term_string\"}}],\"inLanguage\":\"fr-FR\"},{\"@type\":\"Organization\",\"@id\":\"https:\\\/\\\/love4amuslim.com\\\/#organization\",\"name\":\"Love4amuslim\",\"url\":\"https:\\\/\\\/love4amuslim.com\\\/\",\"logo\":{\"@type\":\"ImageObject\",\"inLanguage\":\"fr-FR\",\"@id\":\"https:\\\/\\\/love4amuslim.com\\\/#\\\/schema\\\/logo\\\/image\\\/\",\"url\":\"https:\\\/\\\/love4amuslim.com\\\/wp-content\\\/uploads\\\/2022\\\/04\\\/Love-4-20.svg\",\"contentUrl\":\"https:\\\/\\\/love4amuslim.com\\\/wp-content\\\/uploads\\\/2022\\\/04\\\/Love-4-20.svg\",\"width\":500,\"height\":500,\"caption\":\"Love4amuslim\"},\"image\":{\"@id\":\"https:\\\/\\\/love4amuslim.com\\\/#\\\/schema\\\/logo\\\/image\\\/\"},\"sameAs\":[\"https:\\\/\\\/www.facebook.com\\\/LOVEFORAMUSLIM\\\/\",\"https:\\\/\\\/www.instagram.com\\\/love4amuslim\\\/\"]}]}<\/script>\n<!-- \/ Yoast SEO plugin. -->","yoast_head_json":{"title":"Terms &amp; Conditions - Love4amuslim","robots":{"index":"index","follow":"follow","max-snippet":"max-snippet:-1","max-image-preview":"max-image-preview:large","max-video-preview":"max-video-preview:-1"},"canonical":"https:\/\/love4amuslim.com\/fr\/terms-conditions\/","og_locale":"fr_FR","og_type":"article","og_title":"Terms &amp; Conditions - Love4amuslim","og_description":"Terms and Conditions Terms and Conditions Please read these terms and conditions carefully before using Our Service. Interpretation and Definitions Interpretation The words of which the initial letter is capitalized have meanings defined under the following conditions. The following definitions shall have the same meaning regardless of whether they appear in singular or in plural. [&hellip;]","og_url":"https:\/\/love4amuslim.com\/fr\/terms-conditions\/","og_site_name":"Love4amuslim","article_publisher":"https:\/\/www.facebook.com\/LOVEFORAMUSLIM\/","article_modified_time":"2025-07-17T05:05:02+00:00","twitter_card":"summary_large_image","twitter_misc":{"Dur\u00e9e de lecture estim\u00e9e":"8 minutes"},"schema":{"@context":"https:\/\/schema.org","@graph":[{"@type":"WebPage","@id":"https:\/\/love4amuslim.com\/terms-conditions\/","url":"https:\/\/love4amuslim.com\/terms-conditions\/","name":"Terms &amp; Conditions - Love4amuslim","isPartOf":{"@id":"https:\/\/love4amuslim.com\/#website"},"datePublished":"2025-07-15T10:26:38+00:00","dateModified":"2025-07-17T05:05:02+00:00","breadcrumb":{"@id":"https:\/\/love4amuslim.com\/terms-conditions\/#breadcrumb"},"inLanguage":"fr-FR","potentialAction":[{"@type":"ReadAction","target":["https:\/\/love4amuslim.com\/terms-conditions\/"]}]},{"@type":"BreadcrumbList","@id":"https:\/\/love4amuslim.com\/terms-conditions\/#breadcrumb","itemListElement":[{"@type":"ListItem","position":1,"name":"Home","item":"https:\/\/love4amuslim.com\/"},{"@type":"ListItem","position":2,"name":"Terms &amp; Conditions"}]},{"@type":"WebSite","@id":"https:\/\/love4amuslim.com\/#website","url":"https:\/\/love4amuslim.com\/","name":"Love4amuslim","description":"God\u2019s Wonders In Your Mother Tongue","publisher":{"@id":"https:\/\/love4amuslim.com\/#organization"},"potentialAction":[{"@type":"SearchAction","target":{"@type":"EntryPoint","urlTemplate":"https:\/\/love4amuslim.com\/?s={search_term_string}"},"query-input":{"@type":"PropertyValueSpecification","valueRequired":true,"valueName":"search_term_string"}}],"inLanguage":"fr-FR"},{"@type":"Organization","@id":"https:\/\/love4amuslim.com\/#organization","name":"Love4amuslim","url":"https:\/\/love4amuslim.com\/","logo":{"@type":"ImageObject","inLanguage":"fr-FR","@id":"https:\/\/love4amuslim.com\/#\/schema\/logo\/image\/","url":"https:\/\/love4amuslim.com\/wp-content\/uploads\/2022\/04\/Love-4-20.svg","contentUrl":"https:\/\/love4amuslim.com\/wp-content\/uploads\/2022\/04\/Love-4-20.svg","width":500,"height":500,"caption":"Love4amuslim"},"image":{"@id":"https:\/\/love4amuslim.com\/#\/schema\/logo\/image\/"},"sameAs":["https:\/\/www.facebook.com\/LOVEFORAMUSLIM\/","https:\/\/www.instagram.com\/love4amuslim\/"]}]}},"_links":{"self":[{"href":"https:\/\/love4amuslim.com\/fr\/wp-json\/wp\/v2\/pages\/10180","targetHints":{"allow":["GET"]}}],"collection":[{"href":"https:\/\/love4amuslim.com\/fr\/wp-json\/wp\/v2\/pages"}],"about":[{"href":"https:\/\/love4amuslim.com\/fr\/wp-json\/wp\/v2\/types\/page"}],"author":[{"embeddable":true,"href":"https:\/\/love4amuslim.com\/fr\/wp-json\/wp\/v2\/users\/2"}],"replies":[{"embeddable":true,"href":"https:\/\/love4amuslim.com\/fr\/wp-json\/wp\/v2\/comments?post=10180"}],"version-history":[{"count":5,"href":"https:\/\/love4amuslim.com\/fr\/wp-json\/wp\/v2\/pages\/10180\/revisions"}],"predecessor-version":[{"id":10243,"href":"https:\/\/love4amuslim.com\/fr\/wp-json\/wp\/v2\/pages\/10180\/revisions\/10243"}],"wp:attachment":[{"href":"https:\/\/love4amuslim.com\/fr\/wp-json\/wp\/v2\/media?parent=10180"}],"curies":[{"name":"wp","href":"https:\/\/api.w.org\/{rel}","templated":true}]}}